{"id":4117,"date":"2023-04-03T19:06:11","date_gmt":"2023-04-03T18:06:11","guid":{"rendered":"https:\/\/stoneless.dk\/liestis\/"},"modified":"2023-06-08T12:49:50","modified_gmt":"2023-06-08T11:49:50","slug":"liestis","status":"publish","type":"page","link":"https:\/\/stoneless.dk\/lv\/liestis\/","title":{"rendered":"Kontakti"},"content":{"rendered":"<p>[et_pb_section fb_built=&#8221;1&#8243; _builder_version=&#8221;4.16&#8243; _module_preset=&#8221;default&#8221; global_colors_info=&#8221;{}&#8221;][et_pb_row _builder_version=&#8221;4.21.0&#8243; _module_preset=&#8221;default&#8221;][et_pb_column _builder_version=&#8221;4.21.0&#8243; _module_preset=&#8221;default&#8221; type=&#8221;4_4&#8243;][et_pb_image src=&#8221;https:\/\/stoneless.dk\/wp-content\/uploads\/2023\/06\/Mekro-Agro.png&#8221; _builder_version=&#8221;4.21.0&#8243; _module_preset=&#8221;default&#8221; title_text=&#8221;Mekro Agro&#8221; hover_enabled=&#8221;0&#8243; sticky_enabled=&#8221;0&#8243; align=&#8221;center&#8221;][\/et_pb_image][\/et_pb_column][\/et_pb_row][et_pb_row _builder_version=&#8221;4.21.0&#8243; _module_preset=&#8221;default&#8221; hover_enabled=&#8221;0&#8243; global_colors_info=&#8221;{}&#8221; sticky_enabled=&#8221;0&#8243;][et_pb_column type=&#8221;4_4&#8243; _builder_version=&#8221;4.16&#8243; _module_preset=&#8221;default&#8221; global_colors_info=&#8221;{}&#8221;][et_pb_image src=&#8221;https:\/\/stoneless.dk\/wp-content\/uploads\/2023\/06\/20230420_143359-1.jpg&#8221; alt=&#8221;s\u00f8ren2-1&#8243; title_text=&#8221;20230420_143359 (1)&#8221; _builder_version=&#8221;4.21.0&#8243; _module_preset=&#8221;default&#8221; width=&#8221;250px&#8221; module_alignment=&#8221;center&#8221; hover_enabled=&#8221;0&#8243; border_radii=&#8221;on|50%|50%|50%|50%&#8221; global_colors_info=&#8221;{}&#8221; sticky_enabled=&#8221;0&#8243;][\/et_pb_image][et_pb_text _builder_version=&#8221;4.21.0&#8243; _module_preset=&#8221;default&#8221; text_orientation=&#8221;center&#8221; link_option_url=&#8221;tel: +4551281837&#8243; link_option_url_new_window=&#8221;on&#8221; hover_enabled=&#8221;0&#8243; global_colors_info=&#8221;{}&#8221; sticky_enabled=&#8221;0&#8243;]<\/p>\n<h2>Didzis Broks<\/h2>\n<p><strong>Mekro Agro SIA<\/strong><\/p>\n<p>[\/et_pb_text][et_pb_text _builder_version=&#8221;4.21.0&#8243; _module_preset=&#8221;default&#8221; text_orientation=&#8221;center&#8221; link_option_url=&#8221;tel: +4551281837&#8243; link_option_url_new_window=&#8221;on&#8221; hover_enabled=&#8221;0&#8243; global_colors_info=&#8221;{}&#8221; sticky_enabled=&#8221;0&#8243;]<\/p>\n<p><span class=\"et-pb-icon divi_font_awesome_icon divi_font_awesome_icon--undefined\" style=\"font-size: 15px;\">\ue090<\/span> <span>+371 20287529<\/span><\/p>\n<p><span class=\"et-pb-icon divi_font_awesome_icon divi_font_awesome_icon--undefined\" style=\"font-size: 15px;\">\ue076<\/span> <span>didzis.broks@mekroagro.eu<\/span><\/p>\n<p>[\/et_pb_text][\/et_pb_column][\/et_pb_row][et_pb_row _builder_version=&#8221;4.21.0&#8243; _module_preset=&#8221;default&#8221; custom_margin=&#8221;50px||||false|false&#8221; hover_enabled=&#8221;0&#8243; sticky_enabled=&#8221;0&#8243;][et_pb_column _builder_version=&#8221;4.21.0&#8243; _module_preset=&#8221;default&#8221; type=&#8221;4_4&#8243;][et_pb_text _builder_version=&#8221;4.21.0&#8243; _module_preset=&#8221;default&#8221; hover_enabled=&#8221;0&#8243; sticky_enabled=&#8221;0&#8243;]<\/p>\n<h1 style=\"text-align: center;\"><em><strong>Uzzi\u0146as \u0101rpus Latvijas:<\/strong><\/em><\/h1>\n<p>[\/et_pb_text][\/et_pb_column][\/et_pb_row][et_pb_row column_structure=&#8221;1_2,1_2&#8243; disabled_on=&#8221;off|off|off&#8221; _builder_version=&#8221;4.21.0&#8243; _module_preset=&#8221;default&#8221; hover_enabled=&#8221;0&#8243; global_colors_info=&#8221;{}&#8221; sticky_enabled=&#8221;0&#8243;][et_pb_column type=&#8221;1_2&#8243; _builder_version=&#8221;4.16&#8243; _module_preset=&#8221;default&#8221; global_colors_info=&#8221;{}&#8221;][et_pb_image src=&#8221;https:\/\/stoneless.dk\/wp-content\/uploads\/2022\/09\/Design-uden-navn-6.png&#8221; _builder_version=&#8221;4.21.0&#8243; _module_preset=&#8221;default&#8221; title_text=&#8221;Design uden navn (6)&#8221; hover_enabled=&#8221;0&#8243; sticky_enabled=&#8221;0&#8243;][\/et_pb_image][\/et_pb_column][et_pb_column type=&#8221;1_2&#8243; _builder_version=&#8221;4.16&#8243; _module_preset=&#8221;default&#8221; global_colors_info=&#8221;{}&#8221;][et_pb_image src=&#8221;https:\/\/stoneless.dk\/wp-content\/uploads\/2022\/09\/Design-uden-navn-3.png&#8221; alt=&#8221;s\u00f8ren2-1&#8243; title_text=&#8221;Design uden navn (3)&#8221; _builder_version=&#8221;4.21.0&#8243; _module_preset=&#8221;default&#8221; width=&#8221;250px&#8221; module_alignment=&#8221;center&#8221; hover_enabled=&#8221;0&#8243; border_radii=&#8221;on|50%|50%|50%|50%&#8221; global_colors_info=&#8221;{}&#8221; sticky_enabled=&#8221;0&#8243;][\/et_pb_image][et_pb_text _builder_version=&#8221;4.21.0&#8243; _module_preset=&#8221;default&#8221; text_orientation=&#8221;center&#8221; link_option_url=&#8221;tel:+4553571837&#8243; link_option_url_new_window=&#8221;on&#8221; hover_enabled=&#8221;0&#8243; global_colors_info=&#8221;{}&#8221; sticky_enabled=&#8221;0&#8243;]<\/p>\n<h2>S\u00f8ren Vestergaard Kristensen<\/h2>\n<p><strong>Stoneless ApS<\/strong><\/p>\n<p><span class=\"et-pb-icon\" style=\"font-size: 15px;\">\ue090<\/span> +45 5357 1837<\/p>\n<p><span class=\"et-pb-icon divi_font_awesome_icon divi_font_awesome_icon--undefined\" style=\"font-size: 15px;\">\ue076<\/span> <span>soren@stoneless.dk<\/span><\/p>\n<p>[\/et_pb_text][et_pb_code _builder_version=&#8221;4.16&#8243; _module_preset=&#8221;default&#8221; text_orientation=&#8221;center&#8221; global_colors_info=&#8221;{}&#8221;]<a href=\"https:\/\/www.facebook.com\/stonelessdk\/\" target=\"_blank\" rel=\"noopener\"><span class='et-pb-icon' style='font-size: 33px;margin-right:15px'>\ue0aa<\/span><!-- [et_pb_line_break_holder] --><\/a><!-- [et_pb_line_break_holder] --><!-- [et_pb_line_break_holder] --><a href=\"https:\/\/www.youtube.com\/channel\/UCGEgF5G8DrxwWSgapagwGnw\/\" target=\"_blank\" rel=\"noopener\"><span class='et-pb-icon' style='font-size: 33px;margin-right:15px'>\ue0ba<\/span><!-- [et_pb_line_break_holder] --><\/a><!-- [et_pb_line_break_holder] -->  <!-- [et_pb_line_break_holder] --><a href=\"https:\/\/www.instagram.com\/stoneless_aps\/\" target=\"_blank\" rel=\"noopener\"><span class='et-pb-icon' style='font-size: 33px;margin-right:15px'>\ue0b1<\/span><!-- [et_pb_line_break_holder] --><\/a><!-- [et_pb_line_break_holder] -->  <!-- [et_pb_line_break_holder] --><a href=\"https:\/\/www.linkedin.com\/company\/stoneless\/\" target=\"_blank\" rel=\"noopener\"><span class='et-pb-icon' style='font-size: 33px;margin-right:15px'>\ue0b4<\/span><!-- [et_pb_line_break_holder] --><\/a>[\/et_pb_code][\/et_pb_column][\/et_pb_row][\/et_pb_section]<\/p>\n","protected":false},"excerpt":{"rendered":"<p>Didzis Broks Mekro Agro SIA\ue090 +371 20287529 \ue076 didzis.broks@mekroagro.euUzzi\u0146as \u0101rpus Latvijas:S\u00f8ren Vestergaard Kristensen Stoneless ApS \ue090 +45 5357 1837 \ue076 soren@stoneless.dk<\/p>\n","protected":false},"author":1,"featured_media":0,"parent":0,"menu_order":0,"comment_status":"closed","ping_status":"closed","template":"","meta":{"_et_pb_use_builder":"on","_et_pb_old_content":"","_et_gb_content_width":"","footnotes":""},"class_list":["post-4117","page","type-page","status-publish","hentry"],"yoast_head":"<!-- This site is optimized with the Yoast SEO plugin v27.4 - https:\/\/yoast.com\/product\/yoast-seo-wordpress\/ -->\n<title>Kontakti - Stoneless<\/title>\n<meta name=\"robots\" content=\"index, follow, max-snippet:-1, max-image-preview:large, max-video-preview:-1\" \/>\n<link rel=\"canonical\" href=\"https:\/\/stoneless.dk\/lv\/liestis\/\" \/>\n<meta property=\"og:locale\" content=\"lv_LV\" \/>\n<meta property=\"og:type\" content=\"article\" \/>\n<meta property=\"og:title\" content=\"Kontakti - Stoneless\" \/>\n<meta property=\"og:description\" content=\"Didzis Broks Mekro Agro SIA\ue090 +371 20287529 \ue076 didzis.broks@mekroagro.euUzzi\u0146as \u0101rpus Latvijas:S\u00f8ren Vestergaard Kristensen Stoneless ApS \ue090 +45 5357 1837 \ue076 soren@stoneless.dk\" \/>\n<meta property=\"og:url\" content=\"https:\/\/stoneless.dk\/lv\/liestis\/\" \/>\n<meta property=\"og:site_name\" content=\"Stoneless\" \/>\n<meta property=\"article:modified_time\" content=\"2023-06-08T11:49:50+00:00\" \/>\n<meta name=\"twitter:card\" content=\"summary_large_image\" \/>\n<meta name=\"twitter:label1\" content=\"Est. reading time\" \/>\n\t<meta name=\"twitter:data1\" content=\"1 minute\" \/>\n<script type=\"application\/ld+json\" class=\"yoast-schema-graph\">{\"@context\":\"https:\\\/\\\/schema.org\",\"@graph\":[{\"@type\":\"WebPage\",\"@id\":\"https:\\\/\\\/stoneless.dk\\\/lv\\\/liestis\\\/\",\"url\":\"https:\\\/\\\/stoneless.dk\\\/lv\\\/liestis\\\/\",\"name\":\"Kontakti - Stoneless\",\"isPartOf\":{\"@id\":\"https:\\\/\\\/stoneless.dk\\\/lv\\\/#website\"},\"datePublished\":\"2023-04-03T18:06:11+00:00\",\"dateModified\":\"2023-06-08T11:49:50+00:00\",\"breadcrumb\":{\"@id\":\"https:\\\/\\\/stoneless.dk\\\/lv\\\/liestis\\\/#breadcrumb\"},\"inLanguage\":\"lv-LV\",\"potentialAction\":[{\"@type\":\"ReadAction\",\"target\":[\"https:\\\/\\\/stoneless.dk\\\/lv\\\/liestis\\\/\"]}]},{\"@type\":\"BreadcrumbList\",\"@id\":\"https:\\\/\\\/stoneless.dk\\\/lv\\\/liestis\\\/#breadcrumb\",\"itemListElement\":[{\"@type\":\"ListItem\",\"position\":1,\"name\":\"Hjem\",\"item\":\"https:\\\/\\\/stoneless.dk\\\/lv\\\/\"},{\"@type\":\"ListItem\",\"position\":2,\"name\":\"Kontakti\"}]},{\"@type\":\"WebSite\",\"@id\":\"https:\\\/\\\/stoneless.dk\\\/lv\\\/#website\",\"url\":\"https:\\\/\\\/stoneless.dk\\\/lv\\\/\",\"name\":\"Stoneless\",\"description\":\"Stensamler til ATV\\\/UTV\",\"publisher\":{\"@id\":\"https:\\\/\\\/stoneless.dk\\\/lv\\\/#organization\"},\"potentialAction\":[{\"@type\":\"SearchAction\",\"target\":{\"@type\":\"EntryPoint\",\"urlTemplate\":\"https:\\\/\\\/stoneless.dk\\\/lv\\\/?s={search_term_string}\"},\"query-input\":{\"@type\":\"PropertyValueSpecification\",\"valueRequired\":true,\"valueName\":\"search_term_string\"}}],\"inLanguage\":\"lv-LV\"},{\"@type\":\"Organization\",\"@id\":\"https:\\\/\\\/stoneless.dk\\\/lv\\\/#organization\",\"name\":\"Stoneless\",\"url\":\"https:\\\/\\\/stoneless.dk\\\/lv\\\/\",\"logo\":{\"@type\":\"ImageObject\",\"inLanguage\":\"lv-LV\",\"@id\":\"https:\\\/\\\/stoneless.dk\\\/lv\\\/#\\\/schema\\\/logo\\\/image\\\/\",\"url\":\"https:\\\/\\\/stoneless.dk\\\/wp-content\\\/uploads\\\/2021\\\/05\\\/stoneless_logo_small.png\",\"contentUrl\":\"https:\\\/\\\/stoneless.dk\\\/wp-content\\\/uploads\\\/2021\\\/05\\\/stoneless_logo_small.png\",\"width\":250,\"height\":40,\"caption\":\"Stoneless\"},\"image\":{\"@id\":\"https:\\\/\\\/stoneless.dk\\\/lv\\\/#\\\/schema\\\/logo\\\/image\\\/\"}}]}<\/script>\n<!-- \/ Yoast SEO plugin. -->","yoast_head_json":{"title":"Kontakti - Stoneless","robots":{"index":"index","follow":"follow","max-snippet":"max-snippet:-1","max-image-preview":"max-image-preview:large","max-video-preview":"max-video-preview:-1"},"canonical":"https:\/\/stoneless.dk\/lv\/liestis\/","og_locale":"lv_LV","og_type":"article","og_title":"Kontakti - Stoneless","og_description":"Didzis Broks Mekro Agro SIA\ue090 +371 20287529 \ue076 didzis.broks@mekroagro.euUzzi\u0146as \u0101rpus Latvijas:S\u00f8ren Vestergaard Kristensen Stoneless ApS \ue090 +45 5357 1837 \ue076 soren@stoneless.dk","og_url":"https:\/\/stoneless.dk\/lv\/liestis\/","og_site_name":"Stoneless","article_modified_time":"2023-06-08T11:49:50+00:00","twitter_card":"summary_large_image","twitter_misc":{"Est. reading time":"1 minute"},"schema":{"@context":"https:\/\/schema.org","@graph":[{"@type":"WebPage","@id":"https:\/\/stoneless.dk\/lv\/liestis\/","url":"https:\/\/stoneless.dk\/lv\/liestis\/","name":"Kontakti - Stoneless","isPartOf":{"@id":"https:\/\/stoneless.dk\/lv\/#website"},"datePublished":"2023-04-03T18:06:11+00:00","dateModified":"2023-06-08T11:49:50+00:00","breadcrumb":{"@id":"https:\/\/stoneless.dk\/lv\/liestis\/#breadcrumb"},"inLanguage":"lv-LV","potentialAction":[{"@type":"ReadAction","target":["https:\/\/stoneless.dk\/lv\/liestis\/"]}]},{"@type":"BreadcrumbList","@id":"https:\/\/stoneless.dk\/lv\/liestis\/#breadcrumb","itemListElement":[{"@type":"ListItem","position":1,"name":"Hjem","item":"https:\/\/stoneless.dk\/lv\/"},{"@type":"ListItem","position":2,"name":"Kontakti"}]},{"@type":"WebSite","@id":"https:\/\/stoneless.dk\/lv\/#website","url":"https:\/\/stoneless.dk\/lv\/","name":"Stoneless","description":"Stensamler til ATV\/UTV","publisher":{"@id":"https:\/\/stoneless.dk\/lv\/#organization"},"potentialAction":[{"@type":"SearchAction","target":{"@type":"EntryPoint","urlTemplate":"https:\/\/stoneless.dk\/lv\/?s={search_term_string}"},"query-input":{"@type":"PropertyValueSpecification","valueRequired":true,"valueName":"search_term_string"}}],"inLanguage":"lv-LV"},{"@type":"Organization","@id":"https:\/\/stoneless.dk\/lv\/#organization","name":"Stoneless","url":"https:\/\/stoneless.dk\/lv\/","logo":{"@type":"ImageObject","inLanguage":"lv-LV","@id":"https:\/\/stoneless.dk\/lv\/#\/schema\/logo\/image\/","url":"https:\/\/stoneless.dk\/wp-content\/uploads\/2021\/05\/stoneless_logo_small.png","contentUrl":"https:\/\/stoneless.dk\/wp-content\/uploads\/2021\/05\/stoneless_logo_small.png","width":250,"height":40,"caption":"Stoneless"},"image":{"@id":"https:\/\/stoneless.dk\/lv\/#\/schema\/logo\/image\/"}}]}},"_links":{"self":[{"href":"https:\/\/stoneless.dk\/lv\/wp-json\/wp\/v2\/pages\/4117","targetHints":{"allow":["GET"]}}],"collection":[{"href":"https:\/\/stoneless.dk\/lv\/wp-json\/wp\/v2\/pages"}],"about":[{"href":"https:\/\/stoneless.dk\/lv\/wp-json\/wp\/v2\/types\/page"}],"author":[{"embeddable":true,"href":"https:\/\/stoneless.dk\/lv\/wp-json\/wp\/v2\/users\/1"}],"replies":[{"embeddable":true,"href":"https:\/\/stoneless.dk\/lv\/wp-json\/wp\/v2\/comments?post=4117"}],"version-history":[{"count":0,"href":"https:\/\/stoneless.dk\/lv\/wp-json\/wp\/v2\/pages\/4117\/revisions"}],"wp:attachment":[{"href":"https:\/\/stoneless.dk\/lv\/wp-json\/wp\/v2\/media?parent=4117"}],"curies":[{"name":"wp","href":"https:\/\/api.w.org\/{rel}","templated":true}]}}