{"id":2926,"date":"2022-06-22T13:19:46","date_gmt":"2022-06-22T12:19:46","guid":{"rendered":"https:\/\/stoneless.dk\/kontakt\/"},"modified":"2023-05-11T21:30:03","modified_gmt":"2023-05-11T20:30:03","slug":"kontakt","status":"publish","type":"page","link":"https:\/\/stoneless.dk\/pl\/kontakt\/","title":{"rendered":"Kontakt"},"content":{"rendered":"<p>[et_pb_section fb_built=&#8221;1&#8243; _builder_version=&#8221;4.16&#8243; _module_preset=&#8221;default&#8221; global_colors_info=&#8221;{}&#8221;][et_pb_row column_structure=&#8221;1_2,1_2&#8243; _builder_version=&#8221;4.16&#8243; _module_preset=&#8221;default&#8221; global_colors_info=&#8221;{}&#8221;][et_pb_column type=&#8221;1_2&#8243; _builder_version=&#8221;4.16&#8243; _module_preset=&#8221;default&#8221; global_colors_info=&#8221;{}&#8221;][et_pb_image src=&#8221;https:\/\/stoneless.dk\/wp-content\/uploads\/2022\/09\/Design-uden-navn-3.png&#8221; alt=&#8221;s\u00f8ren2-1&#8243; title_text=&#8221;Design uden navn (3)&#8221; _builder_version=&#8221;4.21.0&#8243; _module_preset=&#8221;default&#8221; width=&#8221;250px&#8221; module_alignment=&#8221;center&#8221; hover_enabled=&#8221;0&#8243; border_radii=&#8221;on|50%|50%|50%|50%&#8221; global_colors_info=&#8221;{}&#8221; sticky_enabled=&#8221;0&#8243;][\/et_pb_image][et_pb_text _builder_version=&#8221;4.17.4&#8243; _module_preset=&#8221;default&#8221; text_orientation=&#8221;center&#8221; link_option_url=&#8221;tel:+4553571837&#8243; link_option_url_new_window=&#8221;on&#8221; global_colors_info=&#8221;{}&#8221;]<\/p>\n<h2>S\u00f8ren Vestergaard Kristensen<\/h2>\n<p>W\u0142a\u015bciciel<\/p>\n<p><span class='et-pb-icon' style='font-size: 15px;'>&#xe090;<\/span> +45 5357 1837[\/et_pb_text][et_pb_code _builder_version=&#8221;4.16&#8243; _module_preset=&#8221;default&#8221; text_orientation=&#8221;center&#8221; global_colors_info=&#8221;{}&#8221;]<a href=\"https:\/\/www.facebook.com\/stonelessdk\/\" target=\"_blank\" rel=\"noopener\"><span class='et-pb-icon' style='font-size: 33px;margin-right:15px'>\ue0aa<\/span><!-- [et_pb_line_break_holder] --><\/a><!-- [et_pb_line_break_holder] --><!-- [et_pb_line_break_holder] --><a href=\"https:\/\/www.youtube.com\/channel\/UCGEgF5G8DrxwWSgapagwGnw\/\" target=\"_blank\" rel=\"noopener\"><span class='et-pb-icon' style='font-size: 33px;margin-right:15px'>\ue0ba<\/span><!-- [et_pb_line_break_holder] --><\/a><!-- [et_pb_line_break_holder] -->  <!-- [et_pb_line_break_holder] --><a href=\"https:\/\/www.instagram.com\/stoneless_aps\/\" target=\"_blank\" rel=\"noopener\"><span class='et-pb-icon' style='font-size: 33px;margin-right:15px'>\ue0b1<\/span><!-- [et_pb_line_break_holder] --><\/a><!-- [et_pb_line_break_holder] -->  <!-- [et_pb_line_break_holder] --><a href=\"https:\/\/www.linkedin.com\/company\/stoneless\/\" target=\"_blank\" rel=\"noopener\"><span class='et-pb-icon' style='font-size: 33px;margin-right:15px'>\ue0b4<\/span><!-- [et_pb_line_break_holder] --><\/a>[\/et_pb_code][\/et_pb_column][et_pb_column type=&#8221;1_2&#8243; _builder_version=&#8221;4.16&#8243; _module_preset=&#8221;default&#8221; global_colors_info=&#8221;{}&#8221;][et_pb_contact_form email=&#8221;sorenvkristensen@gmail.com&#8221; custom_message=&#8221;Fra Polsk kontaktformular||et_pb_line_break_holder||||et_pb_line_break_holder||Fra: %%Name%%||et_pb_line_break_holder||Mail: %%Email%%||et_pb_line_break_holder||||et_pb_line_break_holder||Besked:||et_pb_line_break_holder||%%Message%%&#8221; disabled_on=&#8221;on|on|on&#8221; _builder_version=&#8221;4.18.0&#8243; _module_preset=&#8221;default&#8221; _unique_id=&#8221;dc9438bb-3324-44ca-93a9-36ef7b571e60&#8243; disabled=&#8221;on&#8221; global_colors_info=&#8221;{}&#8221;][et_pb_contact_field field_id=&#8221;Name&#8221; field_title=&#8221;Twoje imi\u0119&#8221; _builder_version=&#8221;4.17.4&#8243; global_colors_info=&#8221;{}&#8221; button_text_size__hover_enabled=&#8221;off&#8221; button_one_text_size__hover_enabled=&#8221;off&#8221; button_two_text_size__hover_enabled=&#8221;off&#8221; button_text_color__hover_enabled=&#8221;off&#8221; button_one_text_color__hover_enabled=&#8221;off&#8221; button_two_text_color__hover_enabled=&#8221;off&#8221; button_border_width__hover_enabled=&#8221;off&#8221; button_one_border_width__hover_enabled=&#8221;off&#8221; button_two_border_width__hover_enabled=&#8221;off&#8221; button_border_color__hover_enabled=&#8221;off&#8221; button_one_border_color__hover_enabled=&#8221;off&#8221; button_two_border_color__hover_enabled=&#8221;off&#8221; button_border_radius__hover_enabled=&#8221;off&#8221; button_one_border_radius__hover_enabled=&#8221;off&#8221; button_two_border_radius__hover_enabled=&#8221;off&#8221; button_letter_spacing__hover_enabled=&#8221;off&#8221; button_one_letter_spacing__hover_enabled=&#8221;off&#8221; button_two_letter_spacing__hover_enabled=&#8221;off&#8221; button_bg_color__hover_enabled=&#8221;off&#8221; button_one_bg_color__hover_enabled=&#8221;off&#8221; button_two_bg_color__hover_enabled=&#8221;off&#8221;][\/et_pb_contact_field][et_pb_contact_field field_id=&#8221;Email&#8221; field_title=&#8221;Tw\u00f3j e-mail&#8221; field_type=&#8221;email&#8221; _builder_version=&#8221;4.17.4&#8243; global_colors_info=&#8221;{}&#8221; button_text_size__hover_enabled=&#8221;off&#8221; button_one_text_size__hover_enabled=&#8221;off&#8221; button_two_text_size__hover_enabled=&#8221;off&#8221; button_text_color__hover_enabled=&#8221;off&#8221; button_one_text_color__hover_enabled=&#8221;off&#8221; button_two_text_color__hover_enabled=&#8221;off&#8221; button_border_width__hover_enabled=&#8221;off&#8221; button_one_border_width__hover_enabled=&#8221;off&#8221; button_two_border_width__hover_enabled=&#8221;off&#8221; button_border_color__hover_enabled=&#8221;off&#8221; button_one_border_color__hover_enabled=&#8221;off&#8221; button_two_border_color__hover_enabled=&#8221;off&#8221; button_border_radius__hover_enabled=&#8221;off&#8221; button_one_border_radius__hover_enabled=&#8221;off&#8221; button_two_border_radius__hover_enabled=&#8221;off&#8221; button_letter_spacing__hover_enabled=&#8221;off&#8221; button_one_letter_spacing__hover_enabled=&#8221;off&#8221; button_two_letter_spacing__hover_enabled=&#8221;off&#8221; button_bg_color__hover_enabled=&#8221;off&#8221; button_one_bg_color__hover_enabled=&#8221;off&#8221; button_two_bg_color__hover_enabled=&#8221;off&#8221;][\/et_pb_contact_field][et_pb_contact_field field_id=&#8221;Message&#8221; field_title=&#8221;Twoja wiadomo\u015b\u0107&#8221; field_type=&#8221;text&#8221; fullwidth_field=&#8221;on&#8221; _builder_version=&#8221;4.17.4&#8243; global_colors_info=&#8221;{}&#8221; button_text_size__hover_enabled=&#8221;off&#8221; button_one_text_size__hover_enabled=&#8221;off&#8221; button_two_text_size__hover_enabled=&#8221;off&#8221; button_text_color__hover_enabled=&#8221;off&#8221; button_one_text_color__hover_enabled=&#8221;off&#8221; button_two_text_color__hover_enabled=&#8221;off&#8221; button_border_width__hover_enabled=&#8221;off&#8221; button_one_border_width__hover_enabled=&#8221;off&#8221; button_two_border_width__hover_enabled=&#8221;off&#8221; button_border_color__hover_enabled=&#8221;off&#8221; button_one_border_color__hover_enabled=&#8221;off&#8221; button_two_border_color__hover_enabled=&#8221;off&#8221; button_border_radius__hover_enabled=&#8221;off&#8221; button_one_border_radius__hover_enabled=&#8221;off&#8221; button_two_border_radius__hover_enabled=&#8221;off&#8221; button_letter_spacing__hover_enabled=&#8221;off&#8221; button_one_letter_spacing__hover_enabled=&#8221;off&#8221; button_two_letter_spacing__hover_enabled=&#8221;off&#8221; button_bg_color__hover_enabled=&#8221;off&#8221; button_one_bg_color__hover_enabled=&#8221;off&#8221; button_two_bg_color__hover_enabled=&#8221;off&#8221;][\/et_pb_contact_field][\/et_pb_contact_form][\/et_pb_column][\/et_pb_row][\/et_pb_section][et_pb_section fb_built=&#8221;1&#8243; _builder_version=&#8221;4.16&#8243; _module_preset=&#8221;default&#8221; global_colors_info=&#8221;{}&#8221;][et_pb_row column_structure=&#8221;1_3,1_3,1_3&#8243; _builder_version=&#8221;4.16&#8243; _module_preset=&#8221;default&#8221; global_colors_info=&#8221;{}&#8221;][et_pb_column type=&#8221;1_3&#8243; _builder_version=&#8221;4.16&#8243; _module_preset=&#8221;default&#8221; global_colors_info=&#8221;{}&#8221;][et_pb_blurb title=&#8221;Telefon&#8221; use_icon=&#8221;on&#8221; icon_placement=&#8221;left&#8221; image_icon_width=&#8221;52px&#8221; _builder_version=&#8221;4.17.4&#8243; _module_preset=&#8221;default&#8221; header_font=&#8221;|700|||||||&#8221; header_font_size=&#8221;25px&#8221; link_option_url=&#8221;tel:+4553571837&#8243; link_option_url_new_window=&#8221;on&#8221; icon_font_size=&#8221;52px&#8221; global_colors_info=&#8221;{}&#8221;]+45 53571837[\/et_pb_blurb][\/et_pb_column][et_pb_column type=&#8221;1_3&#8243; _builder_version=&#8221;4.16&#8243; _module_preset=&#8221;default&#8221; global_colors_info=&#8221;{}&#8221;][et_pb_blurb title=&#8221;Adres&#8221; use_icon=&#8221;on&#8221; icon_placement=&#8221;left&#8221; image_icon_width=&#8221;52px&#8221; _builder_version=&#8221;4.17.4&#8243; _module_preset=&#8221;default&#8221; header_font=&#8221;|700|||||||&#8221; header_font_size=&#8221;25px&#8221; link_option_url=&#8221;https:\/\/www.google.dk\/maps\/place\/S%C3%B8gade+26,+8600+Silkeborg\/@56.1694576,9.5414674,17z\/data=!3m1!4b1!4m5!3m4!1s0x464b8b6a5d9b5f93:0x99f4855700fc29e1!8m2!3d56.1694576!4d9.5436561&#8243; link_option_url_new_window=&#8221;on&#8221; icon_font_size=&#8221;52px&#8221; global_colors_info=&#8221;{}&#8221;]S\u00f8gade 26<br \/>\n8600 Silkeborg<br \/>\nDanmark[\/et_pb_blurb][\/et_pb_column][et_pb_column type=&#8221;1_3&#8243; _builder_version=&#8221;4.16&#8243; _module_preset=&#8221;default&#8221; global_colors_info=&#8221;{}&#8221;][et_pb_blurb title=&#8221;E-mail&#8221; use_icon=&#8221;on&#8221; icon_placement=&#8221;left&#8221; image_icon_width=&#8221;52px&#8221; _builder_version=&#8221;4.17.4&#8243; _module_preset=&#8221;default&#8221; header_font=&#8221;|700|||||||&#8221; header_font_size=&#8221;25px&#8221; link_option_url=&#8221;mailto:soren@stoneless.dk&#8221; icon_font_size=&#8221;52px&#8221; global_colors_info=&#8221;{}&#8221;]soren@stoneless.dk[\/et_pb_blurb][\/et_pb_column][\/et_pb_row][\/et_pb_section]<\/p>\n","protected":false},"excerpt":{"rendered":"<p>S\u00f8ren Vestergaard Kristensen W\u0142a\u015bciciel &#xe090; +45 5357 1837+45 53571837S\u00f8gade 26 8600 Silkeborg Danmarksoren@stoneless.dk<\/p>\n","protected":false},"author":1,"featured_media":0,"parent":0,"menu_order":0,"comment_status":"closed","ping_status":"closed","template":"","meta":{"_et_pb_use_builder":"on","_et_pb_old_content":"","_et_gb_content_width":"","footnotes":""},"class_list":["post-2926","page","type-page","status-publish","hentry"],"yoast_head":"<!-- This site is optimized with the Yoast SEO plugin v27.4 - https:\/\/yoast.com\/product\/yoast-seo-wordpress\/ -->\n<title>Kontakt - Stoneless<\/title>\n<meta name=\"robots\" content=\"index, follow, max-snippet:-1, max-image-preview:large, max-video-preview:-1\" \/>\n<link rel=\"canonical\" href=\"https:\/\/stoneless.dk\/pl\/kontakt\/\" \/>\n<meta property=\"og:locale\" content=\"pl_PL\" \/>\n<meta property=\"og:type\" content=\"article\" \/>\n<meta property=\"og:title\" content=\"Kontakt - Stoneless\" \/>\n<meta property=\"og:description\" content=\"S\u00f8ren Vestergaard Kristensen W\u0142a\u015bciciel &#xe090; +45 5357 1837+45 53571837S\u00f8gade 26 8600 Silkeborg Danmarksoren@stoneless.dk\" \/>\n<meta property=\"og:url\" content=\"https:\/\/stoneless.dk\/pl\/kontakt\/\" \/>\n<meta property=\"og:site_name\" content=\"Stoneless\" \/>\n<meta property=\"article:modified_time\" content=\"2023-05-11T20:30:03+00:00\" \/>\n<meta name=\"twitter:card\" content=\"summary_large_image\" \/>\n<meta name=\"twitter:label1\" content=\"Szacowany czas czytania\" \/>\n\t<meta name=\"twitter:data1\" content=\"2 minuty\" \/>\n<script type=\"application\/ld+json\" class=\"yoast-schema-graph\">{\"@context\":\"https:\\\/\\\/schema.org\",\"@graph\":[{\"@type\":\"WebPage\",\"@id\":\"https:\\\/\\\/stoneless.dk\\\/pl\\\/kontakt\\\/\",\"url\":\"https:\\\/\\\/stoneless.dk\\\/pl\\\/kontakt\\\/\",\"name\":\"Kontakt - Stoneless\",\"isPartOf\":{\"@id\":\"https:\\\/\\\/stoneless.dk\\\/pl\\\/#website\"},\"datePublished\":\"2022-06-22T12:19:46+00:00\",\"dateModified\":\"2023-05-11T20:30:03+00:00\",\"breadcrumb\":{\"@id\":\"https:\\\/\\\/stoneless.dk\\\/pl\\\/kontakt\\\/#breadcrumb\"},\"inLanguage\":\"pl-PL\",\"potentialAction\":[{\"@type\":\"ReadAction\",\"target\":[\"https:\\\/\\\/stoneless.dk\\\/pl\\\/kontakt\\\/\"]}]},{\"@type\":\"BreadcrumbList\",\"@id\":\"https:\\\/\\\/stoneless.dk\\\/pl\\\/kontakt\\\/#breadcrumb\",\"itemListElement\":[{\"@type\":\"ListItem\",\"position\":1,\"name\":\"Hjem\",\"item\":\"https:\\\/\\\/stoneless.dk\\\/pl\\\/\"},{\"@type\":\"ListItem\",\"position\":2,\"name\":\"Kontakt\"}]},{\"@type\":\"WebSite\",\"@id\":\"https:\\\/\\\/stoneless.dk\\\/pl\\\/#website\",\"url\":\"https:\\\/\\\/stoneless.dk\\\/pl\\\/\",\"name\":\"Stoneless\",\"description\":\"Stensamler til ATV\\\/UTV\",\"publisher\":{\"@id\":\"https:\\\/\\\/stoneless.dk\\\/pl\\\/#organization\"},\"potentialAction\":[{\"@type\":\"SearchAction\",\"target\":{\"@type\":\"EntryPoint\",\"urlTemplate\":\"https:\\\/\\\/stoneless.dk\\\/pl\\\/?s={search_term_string}\"},\"query-input\":{\"@type\":\"PropertyValueSpecification\",\"valueRequired\":true,\"valueName\":\"search_term_string\"}}],\"inLanguage\":\"pl-PL\"},{\"@type\":\"Organization\",\"@id\":\"https:\\\/\\\/stoneless.dk\\\/pl\\\/#organization\",\"name\":\"Stoneless\",\"url\":\"https:\\\/\\\/stoneless.dk\\\/pl\\\/\",\"logo\":{\"@type\":\"ImageObject\",\"inLanguage\":\"pl-PL\",\"@id\":\"https:\\\/\\\/stoneless.dk\\\/pl\\\/#\\\/schema\\\/logo\\\/image\\\/\",\"url\":\"https:\\\/\\\/stoneless.dk\\\/wp-content\\\/uploads\\\/2021\\\/05\\\/stoneless_logo_small.png\",\"contentUrl\":\"https:\\\/\\\/stoneless.dk\\\/wp-content\\\/uploads\\\/2021\\\/05\\\/stoneless_logo_small.png\",\"width\":250,\"height\":40,\"caption\":\"Stoneless\"},\"image\":{\"@id\":\"https:\\\/\\\/stoneless.dk\\\/pl\\\/#\\\/schema\\\/logo\\\/image\\\/\"}}]}<\/script>\n<!-- \/ Yoast SEO plugin. -->","yoast_head_json":{"title":"Kontakt - Stoneless","robots":{"index":"index","follow":"follow","max-snippet":"max-snippet:-1","max-image-preview":"max-image-preview:large","max-video-preview":"max-video-preview:-1"},"canonical":"https:\/\/stoneless.dk\/pl\/kontakt\/","og_locale":"pl_PL","og_type":"article","og_title":"Kontakt - Stoneless","og_description":"S\u00f8ren Vestergaard Kristensen W\u0142a\u015bciciel &#xe090; +45 5357 1837+45 53571837S\u00f8gade 26 8600 Silkeborg Danmarksoren@stoneless.dk","og_url":"https:\/\/stoneless.dk\/pl\/kontakt\/","og_site_name":"Stoneless","article_modified_time":"2023-05-11T20:30:03+00:00","twitter_card":"summary_large_image","twitter_misc":{"Szacowany czas czytania":"2 minuty"},"schema":{"@context":"https:\/\/schema.org","@graph":[{"@type":"WebPage","@id":"https:\/\/stoneless.dk\/pl\/kontakt\/","url":"https:\/\/stoneless.dk\/pl\/kontakt\/","name":"Kontakt - Stoneless","isPartOf":{"@id":"https:\/\/stoneless.dk\/pl\/#website"},"datePublished":"2022-06-22T12:19:46+00:00","dateModified":"2023-05-11T20:30:03+00:00","breadcrumb":{"@id":"https:\/\/stoneless.dk\/pl\/kontakt\/#breadcrumb"},"inLanguage":"pl-PL","potentialAction":[{"@type":"ReadAction","target":["https:\/\/stoneless.dk\/pl\/kontakt\/"]}]},{"@type":"BreadcrumbList","@id":"https:\/\/stoneless.dk\/pl\/kontakt\/#breadcrumb","itemListElement":[{"@type":"ListItem","position":1,"name":"Hjem","item":"https:\/\/stoneless.dk\/pl\/"},{"@type":"ListItem","position":2,"name":"Kontakt"}]},{"@type":"WebSite","@id":"https:\/\/stoneless.dk\/pl\/#website","url":"https:\/\/stoneless.dk\/pl\/","name":"Stoneless","description":"Stensamler til ATV\/UTV","publisher":{"@id":"https:\/\/stoneless.dk\/pl\/#organization"},"potentialAction":[{"@type":"SearchAction","target":{"@type":"EntryPoint","urlTemplate":"https:\/\/stoneless.dk\/pl\/?s={search_term_string}"},"query-input":{"@type":"PropertyValueSpecification","valueRequired":true,"valueName":"search_term_string"}}],"inLanguage":"pl-PL"},{"@type":"Organization","@id":"https:\/\/stoneless.dk\/pl\/#organization","name":"Stoneless","url":"https:\/\/stoneless.dk\/pl\/","logo":{"@type":"ImageObject","inLanguage":"pl-PL","@id":"https:\/\/stoneless.dk\/pl\/#\/schema\/logo\/image\/","url":"https:\/\/stoneless.dk\/wp-content\/uploads\/2021\/05\/stoneless_logo_small.png","contentUrl":"https:\/\/stoneless.dk\/wp-content\/uploads\/2021\/05\/stoneless_logo_small.png","width":250,"height":40,"caption":"Stoneless"},"image":{"@id":"https:\/\/stoneless.dk\/pl\/#\/schema\/logo\/image\/"}}]}},"_links":{"self":[{"href":"https:\/\/stoneless.dk\/pl\/wp-json\/wp\/v2\/pages\/2926","targetHints":{"allow":["GET"]}}],"collection":[{"href":"https:\/\/stoneless.dk\/pl\/wp-json\/wp\/v2\/pages"}],"about":[{"href":"https:\/\/stoneless.dk\/pl\/wp-json\/wp\/v2\/types\/page"}],"author":[{"embeddable":true,"href":"https:\/\/stoneless.dk\/pl\/wp-json\/wp\/v2\/users\/1"}],"replies":[{"embeddable":true,"href":"https:\/\/stoneless.dk\/pl\/wp-json\/wp\/v2\/comments?post=2926"}],"version-history":[{"count":0,"href":"https:\/\/stoneless.dk\/pl\/wp-json\/wp\/v2\/pages\/2926\/revisions"}],"wp:attachment":[{"href":"https:\/\/stoneless.dk\/pl\/wp-json\/wp\/v2\/media?parent=2926"}],"curies":[{"name":"wp","href":"https:\/\/api.w.org\/{rel}","templated":true}]}}