{"id":1719,"date":"2022-03-03T13:24:41","date_gmt":"2022-03-03T12:24:41","guid":{"rendered":"https:\/\/stoneless.dk\/proevotid\/"},"modified":"2022-03-08T07:50:07","modified_gmt":"2022-03-08T06:50:07","slug":"proevotid","status":"publish","type":"page","link":"https:\/\/stoneless.dk\/sv\/proevotid\/","title":{"rendered":"Pr\u00f6votid"},"content":{"rendered":"<p>[et_pb_section fb_built=&#8221;1&#8243; _builder_version=&#8221;4.14.8&#8243; _module_preset=&#8221;default&#8221; transform_scale=&#8221;106%|106%&#8221; global_colors_info=&#8221;{}&#8221;][et_pb_row _builder_version=&#8221;4.11.4&#8243; _module_preset=&#8221;default&#8221; global_colors_info=&#8221;{}&#8221;][et_pb_column type=&#8221;4_4&#8243; _builder_version=&#8221;4.11.4&#8243; _module_preset=&#8221;default&#8221; global_colors_info=&#8221;{}&#8221;][et_pb_text _builder_version=&#8221;4.14.8&#8243; _module_preset=&#8221;default&#8221; text_orientation=&#8221;center&#8221; global_colors_info=&#8221;{}&#8221;]<\/p>\n<h1 style=\"text-align: center;\"><strong>Prova v\u00e5r stensamlare gratis i 7 dagar innan k\u00f6p<\/strong><\/h1>\n<p>F\u00f6r att s\u00e4kerst\u00e4lla full bel\u00e5tenhet med v\u00e5r maskin ger vi dig m\u00f6jligheten att testa v\u00e5ra stenplockare f\u00f6r fyrhjulingar<\/p>\n<p>[\/et_pb_text][\/et_pb_column][\/et_pb_row][et_pb_row _builder_version=&#8221;4.14.8&#8243; _module_preset=&#8221;default&#8221; global_colors_info=&#8221;{}&#8221;][et_pb_column type=&#8221;4_4&#8243; _builder_version=&#8221;4.14.8&#8243; _module_preset=&#8221;default&#8221; global_colors_info=&#8221;{}&#8221;][et_pb_image src=&#8221;https:\/\/stoneless.dk\/wp-content\/uploads\/2022\/03\/Poeveperiode-Svensk.png&#8221; alt=&#8221;P\u00f8veperiode Tysk&#8221; title_text=&#8221;P\u00f8veperiode Svensk&#8221; _builder_version=&#8221;4.14.8&#8243; _module_preset=&#8221;default&#8221; global_colors_info=&#8221;{}&#8221;][\/et_pb_image][\/et_pb_column][\/et_pb_row][et_pb_row _builder_version=&#8221;4.14.8&#8243; _module_preset=&#8221;default&#8221; global_colors_info=&#8221;{}&#8221;][et_pb_column type=&#8221;4_4&#8243; _builder_version=&#8221;4.14.8&#8243; _module_preset=&#8221;default&#8221; global_colors_info=&#8221;{}&#8221;][et_pb_text _builder_version=&#8221;4.14.8&#8243; _module_preset=&#8221;default&#8221; text_orientation=&#8221;center&#8221; global_colors_info=&#8221;{}&#8221;]<\/p>\n<p>Vi ber endast kunden om fraktkostnaderna och f\u00e5r testa v\u00e5r stensamlare i en vecka utan kostnad.<\/p>\n<p>Du kommer att f\u00e5 en helt ny stenplockare <b>\u2713<\/b><\/p>\n<p>Om du inte vill k\u00f6pa och beh\u00e5lla stenplockaren efter testet h\u00e4mtar vi maskinen fr\u00e5n dig igen utan extra kostnad<\/p>\n<p>Ange bara dina uppgifter h\u00e4r s\u00e5 f\u00e5r du ett erbjudande tillbaka via e-post<\/p>\n<p>[\/et_pb_text][\/et_pb_column][\/et_pb_row][et_pb_row _builder_version=&#8221;4.14.8&#8243; _module_preset=&#8221;default&#8221; global_colors_info=&#8221;{}&#8221;][et_pb_column type=&#8221;4_4&#8243; _builder_version=&#8221;4.14.8&#8243; _module_preset=&#8221;default&#8221; global_colors_info=&#8221;{}&#8221;][et_pb_contact_form email=&#8221;asger@stoneless.dk, soren@stoneless.dk&#8221; custom_message=&#8221;Firmanavn: %%f\u00f6retagsnamn%%||et_pb_line_break_holder||Adresse: %%adresse%%||et_pb_line_break_holder||Postnummer: %%postnummer%%||et_pb_line_break_holder||By: %%stad%%||et_pb_line_break_holder||Momsnummer: %%momsregistreringsnummer%%||et_pb_line_break_holder||Mail: %%e-post%%||et_pb_line_break_holder||Mobilnummer: %%mobilnummer%%||et_pb_line_break_holder||||et_pb_line_break_holder||Samme leveringsadresse: %%samma_som_foretagets_adress%%||et_pb_line_break_holder||Adresse: %%foretagsadress%%||et_pb_line_break_holder||Postnummer: %%foretag_postnummer%%||et_pb_line_break_holder||By: %%foretagets_stad%%||et_pb_line_break_holder||||et_pb_line_break_holder||Leveringsdato: %%onskat_leveransdatum%%||et_pb_line_break_holder||Dato: %%datum%%||et_pb_line_break_holder||||et_pb_line_break_holder||Truck: %%gaffeltruck%%||et_pb_line_break_holder||Hvilken: %%vilken%%&#8221; submit_button_text=&#8221;Best\u00e4lla erbjudanden&#8221; _builder_version=&#8221;4.14.8&#8243; _module_preset=&#8221;default&#8221; _unique_id=&#8221;c0b8d53e-bca4-4765-8233-faeb048c1512&#8243; hover_enabled=&#8221;0&#8243; global_colors_info=&#8221;{}&#8221; sticky_enabled=&#8221;0&#8243;][et_pb_contact_field field_id=&#8221;f\u00f6retagsnamn&#8221; field_title=&#8221;F\u00f6retagsnamn&#8221; fullwidth_field=&#8221;on&#8221; _builder_version=&#8221;4.14.8&#8243; hover_enabled=&#8221;0&#8243; global_colors_info=&#8221;{}&#8221; button_text_size__hover_enabled=&#8221;off&#8221; button_one_text_size__hover_enabled=&#8221;off&#8221; button_two_text_size__hover_enabled=&#8221;off&#8221; button_text_color__hover_enabled=&#8221;off&#8221; button_one_text_color__hover_enabled=&#8221;off&#8221; button_two_text_color__hover_enabled=&#8221;off&#8221; button_border_width__hover_enabled=&#8221;off&#8221; button_one_border_width__hover_enabled=&#8221;off&#8221; button_two_border_width__hover_enabled=&#8221;off&#8221; button_border_color__hover_enabled=&#8221;off&#8221; button_one_border_color__hover_enabled=&#8221;off&#8221; button_two_border_color__hover_enabled=&#8221;off&#8221; button_border_radius__hover_enabled=&#8221;off&#8221; button_one_border_radius__hover_enabled=&#8221;off&#8221; button_two_border_radius__hover_enabled=&#8221;off&#8221; button_letter_spacing__hover_enabled=&#8221;off&#8221; button_one_letter_spacing__hover_enabled=&#8221;off&#8221; button_two_letter_spacing__hover_enabled=&#8221;off&#8221; button_bg_color__hover_enabled=&#8221;off&#8221; button_one_bg_color__hover_enabled=&#8221;off&#8221; button_two_bg_color__hover_enabled=&#8221;off&#8221; sticky_enabled=&#8221;0&#8243;][\/et_pb_contact_field][et_pb_contact_field field_id=&#8221;adresse&#8221; field_title=&#8221;Adresse&#8221; _builder_version=&#8221;4.14.8&#8243; _module_preset=&#8221;default&#8221; hover_enabled=&#8221;0&#8243; global_colors_info=&#8221;{}&#8221; sticky_enabled=&#8221;0&#8243;][\/et_pb_contact_field][et_pb_contact_field field_id=&#8221;postnummer&#8221; field_title=&#8221;Postnummer&#8221; _builder_version=&#8221;4.14.8&#8243; _module_preset=&#8221;default&#8221; hover_enabled=&#8221;0&#8243; global_colors_info=&#8221;{}&#8221; sticky_enabled=&#8221;0&#8243;][\/et_pb_contact_field][et_pb_contact_field field_id=&#8221;stad&#8221; field_title=&#8221;Stad&#8221; _builder_version=&#8221;4.14.8&#8243; _module_preset=&#8221;default&#8221; hover_enabled=&#8221;0&#8243; global_colors_info=&#8221;{}&#8221; sticky_enabled=&#8221;0&#8243;][\/et_pb_contact_field][et_pb_contact_field field_id=&#8221;momsregistreringsnummer&#8221; field_title=&#8221;Momsregistreringsnummer&#8221; _builder_version=&#8221;4.14.8&#8243; _module_preset=&#8221;default&#8221; hover_enabled=&#8221;0&#8243; global_colors_info=&#8221;{}&#8221; sticky_enabled=&#8221;0&#8243;][\/et_pb_contact_field][et_pb_contact_field field_id=&#8221;e-post&#8221; field_title=&#8221;E-post&#8221; field_type=&#8221;email&#8221; _builder_version=&#8221;4.14.8&#8243; _module_preset=&#8221;default&#8221; hover_enabled=&#8221;0&#8243; global_colors_info=&#8221;{}&#8221; sticky_enabled=&#8221;0&#8243;][\/et_pb_contact_field][et_pb_contact_field field_id=&#8221;mobilnummer&#8221; field_title=&#8221;Mobilnummer&#8221; _builder_version=&#8221;4.14.8&#8243; _module_preset=&#8221;default&#8221; hover_enabled=&#8221;0&#8243; global_colors_info=&#8221;{}&#8221; sticky_enabled=&#8221;0&#8243;][\/et_pb_contact_field][et_pb_contact_field field_id=&#8221;samma_som_foretagets_adress&#8221; field_title=&#8221;Leveransadress&#8221; field_type=&#8221;checkbox&#8221; checkbox_options=&#8221;%91{%22value%22:%22samma som f\u00f6retagets adress%22,%22checked%22:1,%22dragID%22:-1,%22link_url%22:%22%22,%22link_text%22:%22%22}%93&#8243; fullwidth_field=&#8221;on&#8221; _builder_version=&#8221;4.14.8&#8243; _module_preset=&#8221;default&#8221; hover_enabled=&#8221;0&#8243; global_colors_info=&#8221;{}&#8221; sticky_enabled=&#8221;0&#8243;][\/et_pb_contact_field][et_pb_contact_field field_id=&#8221;foretagsadress&#8221; field_title=&#8221;F\u00f6retagsadress&#8221; fullwidth_field=&#8221;on&#8221; conditional_logic=&#8221;on&#8221; conditional_logic_relation=&#8221;on&#8221; conditional_logic_rules=&#8221;%91{%22field%22:%22samma_som_foretagets_adress%22,%22condition%22:%22is not%22,%22value%22:%22samma som f\u00f6retagets adress%22}%93&#8243; _builder_version=&#8221;4.14.8&#8243; _module_preset=&#8221;default&#8221; hover_enabled=&#8221;0&#8243; global_colors_info=&#8221;{}&#8221; sticky_enabled=&#8221;0&#8243;][\/et_pb_contact_field][et_pb_contact_field field_id=&#8221;foretag_postnummer&#8221; field_title=&#8221;F\u00f6retag postnummer&#8221; conditional_logic=&#8221;on&#8221; conditional_logic_relation=&#8221;on&#8221; conditional_logic_rules=&#8221;%91{%22field%22:%22samma_som_foretagets_adress%22,%22condition%22:%22is not%22,%22value%22:%22samma som f\u00f6retagets adress%22}%93&#8243; _builder_version=&#8221;4.14.8&#8243; _module_preset=&#8221;default&#8221; hover_enabled=&#8221;0&#8243; global_colors_info=&#8221;{}&#8221; sticky_enabled=&#8221;0&#8243;][\/et_pb_contact_field][et_pb_contact_field field_id=&#8221;foretagets_stad&#8221; field_title=&#8221;F\u00f6retagets stad&#8221; conditional_logic=&#8221;on&#8221; conditional_logic_relation=&#8221;on&#8221; conditional_logic_rules=&#8221;%91{%22field%22:%22samma_som_foretagets_adress%22,%22condition%22:%22is not%22,%22value%22:%22samma som f\u00f6retagets adress%22}%93&#8243; _builder_version=&#8221;4.14.8&#8243; _module_preset=&#8221;default&#8221; hover_enabled=&#8221;0&#8243; global_colors_info=&#8221;{}&#8221; sticky_enabled=&#8221;0&#8243;][\/et_pb_contact_field][et_pb_contact_field field_id=&#8221;onskat_leveransdatum&#8221; field_title=&#8221;(Specifikt leveransdatum) -Vi kan \u00e4ven ordna detta vid ett senare tillf\u00e4lle s\u00e5 att vi kan se till att v\u00e4dret \u00e4r bra&#8221; field_type=&#8221;checkbox&#8221; checkbox_options=&#8221;%91{%22value%22:%22V\u00e4lj leveransdatum%22,%22checked%22:0,%22dragID%22:-1}%93&#8243; required_mark=&#8221;off&#8221; fullwidth_field=&#8221;on&#8221; _builder_version=&#8221;4.14.8&#8243; _module_preset=&#8221;default&#8221; hover_enabled=&#8221;0&#8243; global_colors_info=&#8221;{}&#8221; sticky_enabled=&#8221;0&#8243;][\/et_pb_contact_field][et_pb_contact_field field_id=&#8221;datum&#8221; field_title=&#8221;Datum&#8221; required_mark=&#8221;off&#8221; conditional_logic=&#8221;on&#8221; conditional_logic_relation=&#8221;on&#8221; conditional_logic_rules=&#8221;%91{%22field%22:%22onskat_leveransdatum%22,%22condition%22:%22is%22,%22value%22:%22V\u00e4lj leveransdatum%22}%93&#8243; _builder_version=&#8221;4.14.8&#8243; _module_preset=&#8221;default&#8221; hover_enabled=&#8221;0&#8243; global_colors_info=&#8221;{}&#8221; sticky_enabled=&#8221;0&#8243;][\/et_pb_contact_field][et_pb_contact_field field_id=&#8221;gaffeltruck&#8221; field_title=&#8221;Har du en gaffeltruck eller liknande som kan lyfta v\u00e5r maskin fr\u00e5n lastbilen? Pallgafflar som kan lyfta 400 kg. Annars m\u00e5ste vi best\u00e4lla en lastbil med lyftplattform&#8221; field_type=&#8221;radio&#8221; radio_options=&#8221;%91{%22value%22:%22Ja, jag har en frontlastare%22,%22checked%22:0,%22dragID%22:-1},{%22value%22:%22Nej, lastbilen m\u00e5ste ha baklyft%22,%22checked%22:0,%22dragID%22:0}%93&#8243; fullwidth_field=&#8221;on&#8221; _builder_version=&#8221;4.14.8&#8243; _module_preset=&#8221;default&#8221; hover_enabled=&#8221;0&#8243; global_colors_info=&#8221;{}&#8221; sticky_enabled=&#8221;0&#8243;][\/et_pb_contact_field][et_pb_contact_field field_id=&#8221;vilken&#8221; field_title=&#8221;Vilken ATV\/UTV skulle du vilja dra v\u00e5r stenplockare med? M\u00e4rke, modell och storlek (+ 450cc stor fyrhjuling \u00e4r viktigt)&#8221; fullwidth_field=&#8221;on&#8221; _builder_version=&#8221;4.14.8&#8243; _module_preset=&#8221;default&#8221; hover_enabled=&#8221;0&#8243; global_colors_info=&#8221;{}&#8221; sticky_enabled=&#8221;0&#8243;][\/et_pb_contact_field][\/et_pb_contact_form][\/et_pb_column][\/et_pb_row][\/et_pb_section]<\/p>\n","protected":false},"excerpt":{"rendered":"<p>Prova v\u00e5r stensamlare gratis i 7 dagar innan k\u00f6p F\u00f6r att s\u00e4kerst\u00e4lla full bel\u00e5tenhet med v\u00e5r maskin ger vi dig m\u00f6jligheten att testa v\u00e5ra stenplockare f\u00f6r fyrhjulingarVi ber endast kunden om fraktkostnaderna och f\u00e5r testa v\u00e5r stensamlare i en vecka utan kostnad. Du kommer att f\u00e5 en helt ny stenplockare \u2713 Om du inte vill [&hellip;]<\/p>\n","protected":false},"author":1,"featured_media":0,"parent":0,"menu_order":0,"comment_status":"closed","ping_status":"closed","template":"","meta":{"_et_pb_use_builder":"on","_et_pb_old_content":"","_et_gb_content_width":"","footnotes":""},"class_list":["post-1719","page","type-page","status-publish","hentry"],"yoast_head":"<!-- This site is optimized with the Yoast SEO plugin v27.4 - https:\/\/yoast.com\/product\/yoast-seo-wordpress\/ -->\n<title>Pr\u00f6votid - Stoneless<\/title>\n<meta name=\"robots\" content=\"index, follow, max-snippet:-1, max-image-preview:large, max-video-preview:-1\" \/>\n<link rel=\"canonical\" href=\"https:\/\/stoneless.dk\/sv\/proevotid\/\" \/>\n<meta property=\"og:locale\" content=\"sv_SE\" \/>\n<meta property=\"og:type\" content=\"article\" \/>\n<meta property=\"og:title\" content=\"Pr\u00f6votid - Stoneless\" \/>\n<meta property=\"og:description\" content=\"Prova v\u00e5r stensamlare gratis i 7 dagar innan k\u00f6p F\u00f6r att s\u00e4kerst\u00e4lla full bel\u00e5tenhet med v\u00e5r maskin ger vi dig m\u00f6jligheten att testa v\u00e5ra stenplockare f\u00f6r fyrhjulingarVi ber endast kunden om fraktkostnaderna och f\u00e5r testa v\u00e5r stensamlare i en vecka utan kostnad. Du kommer att f\u00e5 en helt ny stenplockare \u2713 Om du inte vill [&hellip;]\" \/>\n<meta property=\"og:url\" content=\"https:\/\/stoneless.dk\/sv\/proevotid\/\" \/>\n<meta property=\"og:site_name\" content=\"Stoneless\" \/>\n<meta property=\"article:modified_time\" content=\"2022-03-08T06:50:07+00:00\" \/>\n<meta name=\"twitter:card\" content=\"summary_large_image\" \/>\n<meta name=\"twitter:label1\" content=\"Ber\u00e4knad l\u00e4stid\" \/>\n\t<meta name=\"twitter:data1\" content=\"6 minuter\" \/>\n<script type=\"application\/ld+json\" class=\"yoast-schema-graph\">{\"@context\":\"https:\\\/\\\/schema.org\",\"@graph\":[{\"@type\":\"WebPage\",\"@id\":\"https:\\\/\\\/stoneless.dk\\\/sv\\\/proevotid\\\/\",\"url\":\"https:\\\/\\\/stoneless.dk\\\/sv\\\/proevotid\\\/\",\"name\":\"Pr\u00f6votid - Stoneless\",\"isPartOf\":{\"@id\":\"https:\\\/\\\/stoneless.dk\\\/sv\\\/#website\"},\"datePublished\":\"2022-03-03T12:24:41+00:00\",\"dateModified\":\"2022-03-08T06:50:07+00:00\",\"breadcrumb\":{\"@id\":\"https:\\\/\\\/stoneless.dk\\\/sv\\\/proevotid\\\/#breadcrumb\"},\"inLanguage\":\"sv-SE\",\"potentialAction\":[{\"@type\":\"ReadAction\",\"target\":[\"https:\\\/\\\/stoneless.dk\\\/sv\\\/proevotid\\\/\"]}]},{\"@type\":\"BreadcrumbList\",\"@id\":\"https:\\\/\\\/stoneless.dk\\\/sv\\\/proevotid\\\/#breadcrumb\",\"itemListElement\":[{\"@type\":\"ListItem\",\"position\":1,\"name\":\"Hjem\",\"item\":\"https:\\\/\\\/stoneless.dk\\\/sv\\\/\"},{\"@type\":\"ListItem\",\"position\":2,\"name\":\"Pr\u00f6votid\"}]},{\"@type\":\"WebSite\",\"@id\":\"https:\\\/\\\/stoneless.dk\\\/sv\\\/#website\",\"url\":\"https:\\\/\\\/stoneless.dk\\\/sv\\\/\",\"name\":\"Stoneless\",\"description\":\"Stensamler til ATV\\\/UTV\",\"publisher\":{\"@id\":\"https:\\\/\\\/stoneless.dk\\\/sv\\\/#organization\"},\"potentialAction\":[{\"@type\":\"SearchAction\",\"target\":{\"@type\":\"EntryPoint\",\"urlTemplate\":\"https:\\\/\\\/stoneless.dk\\\/sv\\\/?s={search_term_string}\"},\"query-input\":{\"@type\":\"PropertyValueSpecification\",\"valueRequired\":true,\"valueName\":\"search_term_string\"}}],\"inLanguage\":\"sv-SE\"},{\"@type\":\"Organization\",\"@id\":\"https:\\\/\\\/stoneless.dk\\\/sv\\\/#organization\",\"name\":\"Stoneless\",\"url\":\"https:\\\/\\\/stoneless.dk\\\/sv\\\/\",\"logo\":{\"@type\":\"ImageObject\",\"inLanguage\":\"sv-SE\",\"@id\":\"https:\\\/\\\/stoneless.dk\\\/sv\\\/#\\\/schema\\\/logo\\\/image\\\/\",\"url\":\"https:\\\/\\\/stoneless.dk\\\/wp-content\\\/uploads\\\/2021\\\/05\\\/stoneless_logo_small.png\",\"contentUrl\":\"https:\\\/\\\/stoneless.dk\\\/wp-content\\\/uploads\\\/2021\\\/05\\\/stoneless_logo_small.png\",\"width\":250,\"height\":40,\"caption\":\"Stoneless\"},\"image\":{\"@id\":\"https:\\\/\\\/stoneless.dk\\\/sv\\\/#\\\/schema\\\/logo\\\/image\\\/\"}}]}<\/script>\n<!-- \/ Yoast SEO plugin. -->","yoast_head_json":{"title":"Pr\u00f6votid - Stoneless","robots":{"index":"index","follow":"follow","max-snippet":"max-snippet:-1","max-image-preview":"max-image-preview:large","max-video-preview":"max-video-preview:-1"},"canonical":"https:\/\/stoneless.dk\/sv\/proevotid\/","og_locale":"sv_SE","og_type":"article","og_title":"Pr\u00f6votid - Stoneless","og_description":"Prova v\u00e5r stensamlare gratis i 7 dagar innan k\u00f6p F\u00f6r att s\u00e4kerst\u00e4lla full bel\u00e5tenhet med v\u00e5r maskin ger vi dig m\u00f6jligheten att testa v\u00e5ra stenplockare f\u00f6r fyrhjulingarVi ber endast kunden om fraktkostnaderna och f\u00e5r testa v\u00e5r stensamlare i en vecka utan kostnad. Du kommer att f\u00e5 en helt ny stenplockare \u2713 Om du inte vill [&hellip;]","og_url":"https:\/\/stoneless.dk\/sv\/proevotid\/","og_site_name":"Stoneless","article_modified_time":"2022-03-08T06:50:07+00:00","twitter_card":"summary_large_image","twitter_misc":{"Ber\u00e4knad l\u00e4stid":"6 minuter"},"schema":{"@context":"https:\/\/schema.org","@graph":[{"@type":"WebPage","@id":"https:\/\/stoneless.dk\/sv\/proevotid\/","url":"https:\/\/stoneless.dk\/sv\/proevotid\/","name":"Pr\u00f6votid - Stoneless","isPartOf":{"@id":"https:\/\/stoneless.dk\/sv\/#website"},"datePublished":"2022-03-03T12:24:41+00:00","dateModified":"2022-03-08T06:50:07+00:00","breadcrumb":{"@id":"https:\/\/stoneless.dk\/sv\/proevotid\/#breadcrumb"},"inLanguage":"sv-SE","potentialAction":[{"@type":"ReadAction","target":["https:\/\/stoneless.dk\/sv\/proevotid\/"]}]},{"@type":"BreadcrumbList","@id":"https:\/\/stoneless.dk\/sv\/proevotid\/#breadcrumb","itemListElement":[{"@type":"ListItem","position":1,"name":"Hjem","item":"https:\/\/stoneless.dk\/sv\/"},{"@type":"ListItem","position":2,"name":"Pr\u00f6votid"}]},{"@type":"WebSite","@id":"https:\/\/stoneless.dk\/sv\/#website","url":"https:\/\/stoneless.dk\/sv\/","name":"Stoneless","description":"Stensamler til ATV\/UTV","publisher":{"@id":"https:\/\/stoneless.dk\/sv\/#organization"},"potentialAction":[{"@type":"SearchAction","target":{"@type":"EntryPoint","urlTemplate":"https:\/\/stoneless.dk\/sv\/?s={search_term_string}"},"query-input":{"@type":"PropertyValueSpecification","valueRequired":true,"valueName":"search_term_string"}}],"inLanguage":"sv-SE"},{"@type":"Organization","@id":"https:\/\/stoneless.dk\/sv\/#organization","name":"Stoneless","url":"https:\/\/stoneless.dk\/sv\/","logo":{"@type":"ImageObject","inLanguage":"sv-SE","@id":"https:\/\/stoneless.dk\/sv\/#\/schema\/logo\/image\/","url":"https:\/\/stoneless.dk\/wp-content\/uploads\/2021\/05\/stoneless_logo_small.png","contentUrl":"https:\/\/stoneless.dk\/wp-content\/uploads\/2021\/05\/stoneless_logo_small.png","width":250,"height":40,"caption":"Stoneless"},"image":{"@id":"https:\/\/stoneless.dk\/sv\/#\/schema\/logo\/image\/"}}]}},"_links":{"self":[{"href":"https:\/\/stoneless.dk\/sv\/wp-json\/wp\/v2\/pages\/1719","targetHints":{"allow":["GET"]}}],"collection":[{"href":"https:\/\/stoneless.dk\/sv\/wp-json\/wp\/v2\/pages"}],"about":[{"href":"https:\/\/stoneless.dk\/sv\/wp-json\/wp\/v2\/types\/page"}],"author":[{"embeddable":true,"href":"https:\/\/stoneless.dk\/sv\/wp-json\/wp\/v2\/users\/1"}],"replies":[{"embeddable":true,"href":"https:\/\/stoneless.dk\/sv\/wp-json\/wp\/v2\/comments?post=1719"}],"version-history":[{"count":0,"href":"https:\/\/stoneless.dk\/sv\/wp-json\/wp\/v2\/pages\/1719\/revisions"}],"wp:attachment":[{"href":"https:\/\/stoneless.dk\/sv\/wp-json\/wp\/v2\/media?parent=1719"}],"curies":[{"name":"wp","href":"https:\/\/api.w.org\/{rel}","templated":true}]}}